{"id":188,"date":"2025-03-30T18:46:16","date_gmt":"2025-03-30T18:46:16","guid":{"rendered":"https:\/\/rolskikomputer.pl\/?page_id=188"},"modified":"2025-03-30T18:51:47","modified_gmt":"2025-03-30T18:51:47","slug":"zasilanie","status":"publish","type":"page","link":"https:\/\/rolskikomputer.pl\/?page_id=188","title":{"rendered":"zasilanie"},"content":{"rendered":"\t\t<div data-elementor-type=\"wp-page\" data-elementor-id=\"188\" class=\"elementor elementor-188\">\n\t\t\t\t<div class=\"elementor-element elementor-element-dbff376 e-flex e-con-boxed e-con e-parent\" data-id=\"dbff376\" data-element_type=\"container\">\n\t\t\t\t\t<div class=\"e-con-inner\">\n\t\t\t\t<div class=\"elementor-element elementor-element-e7a5f63 elementor-widget elementor-widget-heading\" data-id=\"e7a5f63\" data-element_type=\"widget\" data-widget_type=\"heading.default\">\n\t\t\t\t<div class=\"elementor-widget-container\">\n\t\t\t\t\t<h2 class=\"elementor-heading-title elementor-size-default\">\u0179r\u00f3d\u0142a zasilania<\/h2>\t\t\t\t<\/div>\n\t\t\t\t<\/div>\n\t\t\t\t\t<\/div>\n\t\t\t\t<\/div>\n\t\t<div class=\"elementor-element elementor-element-a845b3f e-grid e-con-boxed e-con e-parent\" data-id=\"a845b3f\" data-element_type=\"container\">\n\t\t\t\t\t<div class=\"e-con-inner\">\n\t\t\t\t<div class=\"elementor-element elementor-element-1705196 elementor-widget elementor-widget-text-editor\" data-id=\"1705196\" data-element_type=\"widget\" data-widget_type=\"text-editor.default\">\n\t\t\t\t<div class=\"elementor-widget-container\">\n\t\t\t\t\t\t\t\t\t<p>W dzisiejszych czasach jeste\u015bmy otoczeni mn\u00f3stwem urz\u0105dze\u0144 elektrycznych i elektronicznych.\u00a0<span style=\"text-align: var(--text-align);\">Ka\u017cde potrzebuje pr\u0105du do dzia\u0142ania. W naszym sklepie znajdziesz wiele rozwi\u0105za\u0144 tego typu.<\/span><\/p><p>\u2013 zasilacze do notebook\u00f3w (wszystko na miejscu, do kilkuset rodzaj\u00f3w notebook\u00f3w)<\/p><p>\u2013 zasilacze do telefon\u00f3w i tablet\u00f3w<\/p><p>\u2013 zasilacze do urz\u0105dze\u0144 sieciowych router\u00f3w, switchy itd.<\/p><p>\u2013 zasilacze do urz\u0105dze\u0144 domowych lampki, ci\u015bnieniomierze itd.<\/p><p>\u2013 zasilacze awaryjne UPS i akumulatory do nich<\/p><p>\u2013 posiadamy bardzo du\u017c\u0105 ofert\u0119 baterii alkalicznych, akumulator\u00f3w i ogniw od zabawek, przez piloty\u00a0 mierniki,\u00a0 po czujki alarmowe<\/p><p>\u2013 powerbanki r\u00f3\u017cnej pojemno\u015bci<\/p><p>\u2013 mierniki zu\u017cycia pr\u0105du i programatory<\/p><p>\u2013 \u0142adowarki akumulator\u00f3w i ogniw<\/p><p>\u2013 czasem mo\u017cna komu\u015b \u201euratowa\u0107 \u017cycie\u201d wymieniaj\u0105c bateri\u0119 w pilocie. Wielokrotnie ratowali\u015bmy w ten spos\u00f3b \u017cycie.<\/p><div>\u00a0<\/div>\t\t\t\t\t\t\t\t<\/div>\n\t\t\t\t<\/div>\n\t\t\t\t<div class=\"elementor-element elementor-element-aea3752 elementor-widget elementor-widget-image\" data-id=\"aea3752\" data-element_type=\"widget\" data-widget_type=\"image.default\">\n\t\t\t\t<div class=\"elementor-widget-container\">\n\t\t\t\t\t\t\t\t\t\t\t\t\t\t\t<img fetchpriority=\"high\" decoding=\"async\" width=\"1024\" height=\"1024\" src=\"https:\/\/rolskikomputer.pl\/wp-content\/uploads\/2025\/03\/zasilanie.jpeg\" class=\"attachment-large size-large wp-image-190\" alt=\"\" srcset=\"https:\/\/rolskikomputer.pl\/wp-content\/uploads\/2025\/03\/zasilanie.jpeg 1024w, https:\/\/rolskikomputer.pl\/wp-content\/uploads\/2025\/03\/zasilanie-300x300.jpeg 300w, https:\/\/rolskikomputer.pl\/wp-content\/uploads\/2025\/03\/zasilanie-150x150.jpeg 150w, https:\/\/rolskikomputer.pl\/wp-content\/uploads\/2025\/03\/zasilanie-768x768.jpeg 768w, https:\/\/rolskikomputer.pl\/wp-content\/uploads\/2025\/03\/zasilanie-1000x1000.jpeg 1000w, https:\/\/rolskikomputer.pl\/wp-content\/uploads\/2025\/03\/zasilanie-230x230.jpeg 230w, https:\/\/rolskikomputer.pl\/wp-content\/uploads\/2025\/03\/zasilanie-350x350.jpeg 350w, https:\/\/rolskikomputer.pl\/wp-content\/uploads\/2025\/03\/zasilanie-480x480.jpeg 480w\" sizes=\"(max-width: 1024px) 100vw, 1024px\" \/>\t\t\t\t\t\t\t\t\t\t\t\t\t\t\t<\/div>\n\t\t\t\t<\/div>\n\t\t\t\t\t<\/div>\n\t\t\t\t<\/div>\n\t\t\t\t<\/div>\n\t\t","protected":false},"excerpt":{"rendered":"<p>\u0179r\u00f3d\u0142a zasilania W dzisiejszych czasach jeste\u015bmy otoczeni mn\u00f3stwem urz\u0105dze\u0144 elektrycznych i elektronicznych.\u00a0Ka\u017cde potrzebuje pr\u0105du do dzia\u0142ania. W naszym sklepie znajdziesz wiele rozwi\u0105za\u0144 [&hellip;]<\/p>\n","protected":false},"author":1,"featured_media":0,"parent":0,"menu_order":0,"comment_status":"closed","ping_status":"closed","template":"","meta":{"footnotes":""},"class_list":["post-188","page","type-page","status-publish","hentry"],"_links":{"self":[{"href":"https:\/\/rolskikomputer.pl\/index.php?rest_route=\/wp\/v2\/pages\/188","targetHints":{"allow":["GET"]}}],"collection":[{"href":"https:\/\/rolskikomputer.pl\/index.php?rest_route=\/wp\/v2\/pages"}],"about":[{"href":"https:\/\/rolskikomputer.pl\/index.php?rest_route=\/wp\/v2\/types\/page"}],"author":[{"embeddable":true,"href":"https:\/\/rolskikomputer.pl\/index.php?rest_route=\/wp\/v2\/users\/1"}],"replies":[{"embeddable":true,"href":"https:\/\/rolskikomputer.pl\/index.php?rest_route=%2Fwp%2Fv2%2Fcomments&post=188"}],"version-history":[{"count":4,"href":"https:\/\/rolskikomputer.pl\/index.php?rest_route=\/wp\/v2\/pages\/188\/revisions"}],"predecessor-version":[{"id":193,"href":"https:\/\/rolskikomputer.pl\/index.php?rest_route=\/wp\/v2\/pages\/188\/revisions\/193"}],"wp:attachment":[{"href":"https:\/\/rolskikomputer.pl\/index.php?rest_route=%2Fwp%2Fv2%2Fmedia&parent=188"}],"curies":[{"name":"wp","href":"https:\/\/api.w.org\/{rel}","templated":true}]}}