{"id":170,"date":"2025-03-30T18:05:01","date_gmt":"2025-03-30T18:05:01","guid":{"rendered":"https:\/\/rolskikomputer.pl\/?page_id=170"},"modified":"2025-03-30T18:55:18","modified_gmt":"2025-03-30T18:55:18","slug":"pamieci","status":"publish","type":"page","link":"https:\/\/rolskikomputer.pl\/?page_id=170","title":{"rendered":"pamieci"},"content":{"rendered":"\t\t<div data-elementor-type=\"wp-page\" data-elementor-id=\"170\" class=\"elementor elementor-170\">\n\t\t\t\t<div class=\"elementor-element elementor-element-fc345fb e-flex e-con-boxed e-con e-parent\" data-id=\"fc345fb\" data-element_type=\"container\">\n\t\t\t\t\t<div class=\"e-con-inner\">\n\t\t\t\t<div class=\"elementor-element elementor-element-2ead300 elementor-widget elementor-widget-heading\" data-id=\"2ead300\" data-element_type=\"widget\" data-widget_type=\"heading.default\">\n\t\t\t\t<div class=\"elementor-widget-container\">\n\t\t\t\t\t<h2 class=\"elementor-heading-title elementor-size-default\">No\u015bniki danych i archiwizacja<\/h2>\t\t\t\t<\/div>\n\t\t\t\t<\/div>\n\t\t\t\t\t<\/div>\n\t\t\t\t<\/div>\n\t\t<div class=\"elementor-element elementor-element-e9071ad e-grid e-con-boxed e-con e-parent\" data-id=\"e9071ad\" data-element_type=\"container\">\n\t\t\t\t\t<div class=\"e-con-inner\">\n\t\t\t\t<div class=\"elementor-element elementor-element-4fb6c10 elementor-widget elementor-widget-image\" data-id=\"4fb6c10\" data-element_type=\"widget\" data-widget_type=\"image.default\">\n\t\t\t\t<div class=\"elementor-widget-container\">\n\t\t\t\t\t\t\t\t\t\t\t\t\t\t\t<img fetchpriority=\"high\" decoding=\"async\" width=\"1024\" height=\"1024\" src=\"https:\/\/rolskikomputer.pl\/wp-content\/uploads\/2025\/03\/pamieci.jpeg\" class=\"attachment-large size-large wp-image-172\" alt=\"\" srcset=\"https:\/\/rolskikomputer.pl\/wp-content\/uploads\/2025\/03\/pamieci.jpeg 1024w, https:\/\/rolskikomputer.pl\/wp-content\/uploads\/2025\/03\/pamieci-300x300.jpeg 300w, https:\/\/rolskikomputer.pl\/wp-content\/uploads\/2025\/03\/pamieci-150x150.jpeg 150w, https:\/\/rolskikomputer.pl\/wp-content\/uploads\/2025\/03\/pamieci-768x768.jpeg 768w, https:\/\/rolskikomputer.pl\/wp-content\/uploads\/2025\/03\/pamieci-1000x1000.jpeg 1000w, https:\/\/rolskikomputer.pl\/wp-content\/uploads\/2025\/03\/pamieci-230x230.jpeg 230w, https:\/\/rolskikomputer.pl\/wp-content\/uploads\/2025\/03\/pamieci-350x350.jpeg 350w, https:\/\/rolskikomputer.pl\/wp-content\/uploads\/2025\/03\/pamieci-480x480.jpeg 480w\" sizes=\"(max-width: 1024px) 100vw, 1024px\" \/>\t\t\t\t\t\t\t\t\t\t\t\t\t\t\t<\/div>\n\t\t\t\t<\/div>\n\t\t\t\t<div class=\"elementor-element elementor-element-2620d63 elementor-widget elementor-widget-text-editor\" data-id=\"2620d63\" data-element_type=\"widget\" data-widget_type=\"text-editor.default\">\n\t\t\t\t<div class=\"elementor-widget-container\">\n\t\t\t\t\t\t\t\t\t<p>Chcesz zadba\u0107 o swoje dane, lub masz ich ju\u017c tyle, \u017ce si\u0119 nie mieszcz\u0105, to zapraszamy.<\/p><p class=\"Standard\">Oferujemy ca\u0142\u0105 gam\u0119 no\u015bnik\u00f3w:<\/p><p class=\"Standard\" style=\"margin-left: 36.0pt; text-indent: -18.0pt; mso-list: l0 level1 lfo1;\"><!-- [if !supportLists]--><span style=\"font-family: OpenSymbol; mso-fareast-font-family: OpenSymbol; mso-bidi-font-family: OpenSymbol;\">\u2013<span style=\"font-variant-numeric: normal; font-variant-east-asian: normal; font-variant-alternates: normal; font-size-adjust: none; font-kerning: auto; font-optical-sizing: auto; font-feature-settings: normal; font-variation-settings: normal; font-variant-position: normal; font-variant-emoji: normal; font-stretch: normal; font-size: 7pt; line-height: normal; font-family: 'Times New Roman';\">\u00a0\u00a0\u00a0\u00a0\u00a0\u00a0 <\/span><\/span><!--[endif]-->p\u0142yty CD-R i DVD-R<\/p><p class=\"Standard\" style=\"margin-left: 36.0pt; text-indent: -18.0pt; mso-list: l0 level1 lfo1;\"><!-- [if !supportLists]--><span style=\"font-family: OpenSymbol; mso-fareast-font-family: OpenSymbol; mso-bidi-font-family: OpenSymbol;\">\u2013<span style=\"font-variant-numeric: normal; font-variant-east-asian: normal; font-variant-alternates: normal; font-size-adjust: none; font-kerning: auto; font-optical-sizing: auto; font-feature-settings: normal; font-variation-settings: normal; font-variant-position: normal; font-variant-emoji: normal; font-stretch: normal; font-size: 7pt; line-height: normal; font-family: 'Times New Roman';\">\u00a0\u00a0\u00a0\u00a0\u00a0\u00a0 <\/span><\/span><!--[endif]-->pendrivy<\/p><p class=\"Standard\" style=\"margin-left: 36.0pt; text-indent: -18.0pt; mso-list: l0 level1 lfo1;\"><!-- [if !supportLists]--><span style=\"font-family: OpenSymbol; mso-fareast-font-family: OpenSymbol; mso-bidi-font-family: OpenSymbol;\">\u2013<span style=\"font-variant-numeric: normal; font-variant-east-asian: normal; font-variant-alternates: normal; font-size-adjust: none; font-kerning: auto; font-optical-sizing: auto; font-feature-settings: normal; font-variation-settings: normal; font-variant-position: normal; font-variant-emoji: normal; font-stretch: normal; font-size: 7pt; line-height: normal; font-family: 'Times New Roman';\">\u00a0\u00a0\u00a0\u00a0\u00a0\u00a0 <\/span><\/span><!--[endif]-->karty pami\u0119ci<\/p><p class=\"Standard\" style=\"margin-left: 36.0pt; text-indent: -18.0pt; mso-list: l0 level1 lfo1;\"><!-- [if !supportLists]--><span style=\"font-family: OpenSymbol; mso-fareast-font-family: OpenSymbol; mso-bidi-font-family: OpenSymbol;\">\u2013<span style=\"font-variant-numeric: normal; font-variant-east-asian: normal; font-variant-alternates: normal; font-size-adjust: none; font-kerning: auto; font-optical-sizing: auto; font-feature-settings: normal; font-variation-settings: normal; font-variant-position: normal; font-variant-emoji: normal; font-stretch: normal; font-size: 7pt; line-height: normal; font-family: 'Times New Roman';\">\u00a0\u00a0\u00a0\u00a0\u00a0\u00a0 <\/span><\/span><!--[endif]-->przeno\u015bne dysk twarde<\/p><p class=\"Standard\" style=\"margin-left: 36.0pt; text-indent: -18.0pt; mso-list: l0 level1 lfo1;\"><!-- [if !supportLists]--><span style=\"font-family: OpenSymbol; mso-fareast-font-family: OpenSymbol; mso-bidi-font-family: OpenSymbol;\">\u2013<span style=\"font-variant-numeric: normal; font-variant-east-asian: normal; font-variant-alternates: normal; font-size-adjust: none; font-kerning: auto; font-optical-sizing: auto; font-feature-settings: normal; font-variation-settings: normal; font-variant-position: normal; font-variant-emoji: normal; font-stretch: normal; font-size: 7pt; line-height: normal; font-family: 'Times New Roman';\">\u00a0\u00a0\u00a0\u00a0\u00a0\u00a0 <\/span><\/span><!--[endif]-->wewn\u0119trzne dyski twarde<\/p><p class=\"Standard\" style=\"margin-left: 36.0pt; text-indent: -18.0pt; mso-list: l0 level1 lfo1;\"><!-- [if !supportLists]--><span style=\"font-family: OpenSymbol; mso-fareast-font-family: OpenSymbol; mso-bidi-font-family: OpenSymbol;\">\u2013<span style=\"font-variant-numeric: normal; font-variant-east-asian: normal; font-variant-alternates: normal; font-size-adjust: none; font-kerning: auto; font-optical-sizing: auto; font-feature-settings: normal; font-variation-settings: normal; font-variant-position: normal; font-variant-emoji: normal; font-stretch: normal; font-size: 7pt; line-height: normal; font-family: 'Times New Roman';\">\u00a0\u00a0\u00a0\u00a0\u00a0\u00a0 <\/span><\/span><!--[endif]-->nagrywarki zewn\u0119trzne<\/p><p class=\"Standard\" style=\"margin-left: 36.0pt; text-indent: -18.0pt; mso-list: l0 level1 lfo1;\"><!-- [if !supportLists]--><span style=\"font-family: OpenSymbol; mso-fareast-font-family: OpenSymbol; mso-bidi-font-family: OpenSymbol;\">\u2013<span style=\"font-variant-numeric: normal; font-variant-east-asian: normal; font-variant-alternates: normal; font-size-adjust: none; font-kerning: auto; font-optical-sizing: auto; font-feature-settings: normal; font-variation-settings: normal; font-variant-position: normal; font-variant-emoji: normal; font-stretch: normal; font-size: 7pt; line-height: normal; font-family: 'Times New Roman';\">\u00a0\u00a0\u00a0\u00a0\u00a0\u00a0 <\/span><\/span><!--[endif]-->kable i konwertery do pod\u0142\u0105czania dysk\u00f3w<\/p><p class=\"Standard\" style=\"margin-left: 36.0pt; text-indent: -18.0pt; mso-list: l0 level1 lfo1;\"><!-- [if !supportLists]--><span style=\"font-family: OpenSymbol; mso-fareast-font-family: OpenSymbol; mso-bidi-font-family: OpenSymbol;\">\u2013<span style=\"font-variant-numeric: normal; font-variant-east-asian: normal; font-variant-alternates: normal; font-size-adjust: none; font-kerning: auto; font-optical-sizing: auto; font-feature-settings: normal; font-variation-settings: normal; font-variant-position: normal; font-variant-emoji: normal; font-stretch: normal; font-size: 7pt; line-height: normal; font-family: 'Times New Roman';\">\u00a0\u00a0\u00a0\u00a0\u00a0\u00a0 <\/span><\/span><!--[endif]-->systemy do archiwizacji i przechowywania danych NAS<\/p><p class=\"Standard\" style=\"margin-left: 36.0pt; text-indent: -18.0pt; mso-list: l0 level1 lfo1;\"><!-- [if !supportLists]--><span style=\"font-family: OpenSymbol; mso-fareast-font-family: OpenSymbol; mso-bidi-font-family: OpenSymbol;\">\u2013<span style=\"font-variant-numeric: normal; font-variant-east-asian: normal; font-variant-alternates: normal; font-size-adjust: none; font-kerning: auto; font-optical-sizing: auto; font-feature-settings: normal; font-variation-settings: normal; font-variant-position: normal; font-variant-emoji: normal; font-stretch: normal; font-size: 7pt; line-height: normal; font-family: 'Times New Roman';\">\u00a0\u00a0\u00a0\u00a0\u00a0\u00a0 <\/span><\/span><!--[endif]-->serwery sieciowe<\/p><p class=\"Standard\" style=\"margin-left: 36.0pt; text-indent: -18.0pt; mso-list: l0 level1 lfo1;\"><!-- [if !supportLists]--><span style=\"font-family: OpenSymbol; mso-fareast-font-family: OpenSymbol; mso-bidi-font-family: OpenSymbol;\">\u2013<span style=\"font-variant-numeric: normal; font-variant-east-asian: normal; font-variant-alternates: normal; font-size-adjust: none; font-kerning: auto; font-optical-sizing: auto; font-feature-settings: normal; font-variation-settings: normal; font-variant-position: normal; font-variant-emoji: normal; font-stretch: normal; font-size: 7pt; line-height: normal; font-family: 'Times New Roman';\">\u00a0\u00a0\u00a0\u00a0\u00a0\u00a0 <\/span><\/span><!--[endif]-->us\u0142uga archiwizacji danych na naszych serwerach<\/p>\t\t\t\t\t\t\t\t<\/div>\n\t\t\t\t<\/div>\n\t\t\t\t\t<\/div>\n\t\t\t\t<\/div>\n\t\t\t\t<\/div>\n\t\t","protected":false},"excerpt":{"rendered":"<p>No\u015bniki danych i archiwizacja Chcesz zadba\u0107 o swoje dane, lub masz ich ju\u017c tyle, \u017ce si\u0119 nie mieszcz\u0105, to zapraszamy. Oferujemy ca\u0142\u0105 [&hellip;]<\/p>\n","protected":false},"author":1,"featured_media":0,"parent":0,"menu_order":0,"comment_status":"closed","ping_status":"closed","template":"","meta":{"footnotes":""},"class_list":["post-170","page","type-page","status-publish","hentry"],"_links":{"self":[{"href":"https:\/\/rolskikomputer.pl\/index.php?rest_route=\/wp\/v2\/pages\/170","targetHints":{"allow":["GET"]}}],"collection":[{"href":"https:\/\/rolskikomputer.pl\/index.php?rest_route=\/wp\/v2\/pages"}],"about":[{"href":"https:\/\/rolskikomputer.pl\/index.php?rest_route=\/wp\/v2\/types\/page"}],"author":[{"embeddable":true,"href":"https:\/\/rolskikomputer.pl\/index.php?rest_route=\/wp\/v2\/users\/1"}],"replies":[{"embeddable":true,"href":"https:\/\/rolskikomputer.pl\/index.php?rest_route=%2Fwp%2Fv2%2Fcomments&post=170"}],"version-history":[{"count":7,"href":"https:\/\/rolskikomputer.pl\/index.php?rest_route=\/wp\/v2\/pages\/170\/revisions"}],"predecessor-version":[{"id":200,"href":"https:\/\/rolskikomputer.pl\/index.php?rest_route=\/wp\/v2\/pages\/170\/revisions\/200"}],"wp:attachment":[{"href":"https:\/\/rolskikomputer.pl\/index.php?rest_route=%2Fwp%2Fv2%2Fmedia&parent=170"}],"curies":[{"name":"wp","href":"https:\/\/api.w.org\/{rel}","templated":true}]}}