{"id":157,"date":"2025-03-30T16:56:27","date_gmt":"2025-03-30T16:56:27","guid":{"rendered":"https:\/\/rolskikomputer.pl\/?page_id=157"},"modified":"2025-03-30T17:01:50","modified_gmt":"2025-03-30T17:01:50","slug":"przyspieszanie","status":"publish","type":"page","link":"https:\/\/rolskikomputer.pl\/?page_id=157","title":{"rendered":"przyspieszanie"},"content":{"rendered":"\t\t<div data-elementor-type=\"wp-page\" data-elementor-id=\"157\" class=\"elementor elementor-157\">\n\t\t\t\t<div class=\"elementor-element elementor-element-12012dd e-flex e-con-boxed e-con e-parent\" data-id=\"12012dd\" data-element_type=\"container\">\n\t\t\t\t\t<div class=\"e-con-inner\">\n\t\t\t\t<div class=\"elementor-element elementor-element-31a6bc8 elementor-widget elementor-widget-heading\" data-id=\"31a6bc8\" data-element_type=\"widget\" data-widget_type=\"heading.default\">\n\t\t\t\t<div class=\"elementor-widget-container\">\n\t\t\t\t\t<h2 class=\"elementor-heading-title elementor-size-default\">Przy\u015bpieszanie komputer\u00f3w<\/h2>\t\t\t\t<\/div>\n\t\t\t\t<\/div>\n\t\t\t\t\t<\/div>\n\t\t\t\t<\/div>\n\t\t<div class=\"elementor-element elementor-element-6d59f9a e-grid e-con-boxed e-con e-parent\" data-id=\"6d59f9a\" data-element_type=\"container\">\n\t\t\t\t\t<div class=\"e-con-inner\">\n\t\t\t\t<div class=\"elementor-element elementor-element-fd7e6c4 elementor-widget elementor-widget-text-editor\" data-id=\"fd7e6c4\" data-element_type=\"widget\" data-widget_type=\"text-editor.default\">\n\t\t\t\t<div class=\"elementor-widget-container\">\n\t\t\t\t\t\t\t\t\t<p class=\"Standard\">Wi\u0119kszo\u015b\u0107 starszych komputer\u00f3w wyposa\u017conych jest w dyski talerzowe, kt\u00f3re s\u0105 najwolniejszym elementem komputera\/notebooka. Przyspiesz sw\u00f3j komputer 10 krotnie, niewielkim kosztem. Wymieniamy stare dyski, na dyski nowego typu SSD. Klonujemy dane. Otrzymujesz komputer ze wszystkimi sowimi danymi, dzia\u0142aj\u0105cy kilka razy szybciej.<\/p><p class=\"Standard\">Je\u017celi jest taka mo\u017cliwo\u015b\u0107, zwi\u0119kszamy wielko\u015b\u0107 pami\u0119ci RAM. To przyspiesza uruchamianie i\u00a0 dzia\u0142anie systemu, oraz przegl\u0105danie internetu.<\/p><p class=\"Standard\">Zajmujemy si\u0119 r\u00f3wnie\u017c czyszczeniem programowym system\u00f3w, usuwaniem nie potrzebnych plik\u00f3w, czyszczeniem rejestr\u00f3w, co r\u00f3wnie\u017c wp\u0142ywa na szybko\u015b\u0107 i komfort pracy.<\/p><p class=\"Standard\">Je\u017celi komputer dzia\u0142a wolno, pojawiaj\u0105 si\u0119 nie chciane okna, wyskakuj\u0105 reklamy i utrudnia Ci to \u017cycie, to zapraszamy.<\/p><p><span style=\"font-size: 12.0pt; font-family: 'Times New Roman',serif; mso-fareast-font-family: SimSun; mso-bidi-font-family: Mangal; mso-ansi-language: PL; mso-fareast-language: ZH-CN; mso-bidi-language: HI;\">My\u015bl ekologicznie. Nie wyrzucaj starego komputera\/laptopa. Daj mu nowe szybsze \u017cycie.<\/span><\/p>\t\t\t\t\t\t\t\t<\/div>\n\t\t\t\t<\/div>\n\t\t\t\t<div class=\"elementor-element elementor-element-b6fcd6d elementor-widget elementor-widget-image\" data-id=\"b6fcd6d\" data-element_type=\"widget\" data-widget_type=\"image.default\">\n\t\t\t\t<div class=\"elementor-widget-container\">\n\t\t\t\t\t\t\t\t\t\t\t\t\t\t\t<img fetchpriority=\"high\" decoding=\"async\" width=\"1024\" height=\"1024\" src=\"https:\/\/rolskikomputer.pl\/wp-content\/uploads\/2025\/03\/przyspieszanie.jpeg\" class=\"attachment-large size-large wp-image-159\" alt=\"\" srcset=\"https:\/\/rolskikomputer.pl\/wp-content\/uploads\/2025\/03\/przyspieszanie.jpeg 1024w, https:\/\/rolskikomputer.pl\/wp-content\/uploads\/2025\/03\/przyspieszanie-300x300.jpeg 300w, https:\/\/rolskikomputer.pl\/wp-content\/uploads\/2025\/03\/przyspieszanie-150x150.jpeg 150w, https:\/\/rolskikomputer.pl\/wp-content\/uploads\/2025\/03\/przyspieszanie-768x768.jpeg 768w, https:\/\/rolskikomputer.pl\/wp-content\/uploads\/2025\/03\/przyspieszanie-1000x1000.jpeg 1000w, https:\/\/rolskikomputer.pl\/wp-content\/uploads\/2025\/03\/przyspieszanie-230x230.jpeg 230w, https:\/\/rolskikomputer.pl\/wp-content\/uploads\/2025\/03\/przyspieszanie-350x350.jpeg 350w, https:\/\/rolskikomputer.pl\/wp-content\/uploads\/2025\/03\/przyspieszanie-480x480.jpeg 480w\" sizes=\"(max-width: 1024px) 100vw, 1024px\" \/>\t\t\t\t\t\t\t\t\t\t\t\t\t\t\t<\/div>\n\t\t\t\t<\/div>\n\t\t\t\t\t<\/div>\n\t\t\t\t<\/div>\n\t\t\t\t<\/div>\n\t\t","protected":false},"excerpt":{"rendered":"<p>Przy\u015bpieszanie komputer\u00f3w Wi\u0119kszo\u015b\u0107 starszych komputer\u00f3w wyposa\u017conych jest w dyski talerzowe, kt\u00f3re s\u0105 najwolniejszym elementem komputera\/notebooka. Przyspiesz sw\u00f3j komputer 10 krotnie, niewielkim kosztem. [&hellip;]<\/p>\n","protected":false},"author":1,"featured_media":0,"parent":0,"menu_order":0,"comment_status":"closed","ping_status":"closed","template":"","meta":{"footnotes":""},"class_list":["post-157","page","type-page","status-publish","hentry"],"_links":{"self":[{"href":"https:\/\/rolskikomputer.pl\/index.php?rest_route=\/wp\/v2\/pages\/157","targetHints":{"allow":["GET"]}}],"collection":[{"href":"https:\/\/rolskikomputer.pl\/index.php?rest_route=\/wp\/v2\/pages"}],"about":[{"href":"https:\/\/rolskikomputer.pl\/index.php?rest_route=\/wp\/v2\/types\/page"}],"author":[{"embeddable":true,"href":"https:\/\/rolskikomputer.pl\/index.php?rest_route=\/wp\/v2\/users\/1"}],"replies":[{"embeddable":true,"href":"https:\/\/rolskikomputer.pl\/index.php?rest_route=%2Fwp%2Fv2%2Fcomments&post=157"}],"version-history":[{"count":4,"href":"https:\/\/rolskikomputer.pl\/index.php?rest_route=\/wp\/v2\/pages\/157\/revisions"}],"predecessor-version":[{"id":162,"href":"https:\/\/rolskikomputer.pl\/index.php?rest_route=\/wp\/v2\/pages\/157\/revisions\/162"}],"wp:attachment":[{"href":"https:\/\/rolskikomputer.pl\/index.php?rest_route=%2Fwp%2Fv2%2Fmedia&parent=157"}],"curies":[{"name":"wp","href":"https:\/\/api.w.org\/{rel}","templated":true}]}}