{"id":137,"date":"2025-03-30T16:32:41","date_gmt":"2025-03-30T16:32:41","guid":{"rendered":"https:\/\/rolskikomputer.pl\/?page_id=137"},"modified":"2025-03-30T17:12:52","modified_gmt":"2025-03-30T17:12:52","slug":"telewizja","status":"publish","type":"page","link":"https:\/\/rolskikomputer.pl\/?page_id=137","title":{"rendered":"telewizja"},"content":{"rendered":"\t\t<div data-elementor-type=\"wp-page\" data-elementor-id=\"137\" class=\"elementor elementor-137\">\n\t\t\t\t<div class=\"elementor-element elementor-element-25384d0 e-flex e-con-boxed e-con e-parent\" data-id=\"25384d0\" data-element_type=\"container\">\n\t\t\t\t\t<div class=\"e-con-inner\">\n\t\t\t\t<div class=\"elementor-element elementor-element-e44391f elementor-widget elementor-widget-heading\" data-id=\"e44391f\" data-element_type=\"widget\" data-widget_type=\"heading.default\">\n\t\t\t\t<div class=\"elementor-widget-container\">\n\t\t\t\t\t<h2 class=\"elementor-heading-title elementor-size-default\">Telewizja<\/h2>\t\t\t\t<\/div>\n\t\t\t\t<\/div>\n\t\t\t\t\t<\/div>\n\t\t\t\t<\/div>\n\t\t<div class=\"elementor-element elementor-element-b86f21e e-grid e-con-boxed e-con e-parent\" data-id=\"b86f21e\" data-element_type=\"container\">\n\t\t\t\t\t<div class=\"e-con-inner\">\n\t\t<div class=\"elementor-element elementor-element-0c5337c e-con-full e-flex e-con e-child\" data-id=\"0c5337c\" data-element_type=\"container\">\n\t\t\t\t<div class=\"elementor-element elementor-element-3e3b82a elementor-widget elementor-widget-image\" data-id=\"3e3b82a\" data-element_type=\"widget\" data-widget_type=\"image.default\">\n\t\t\t\t<div class=\"elementor-widget-container\">\n\t\t\t\t\t\t\t\t\t\t\t\t\t\t\t<img fetchpriority=\"high\" decoding=\"async\" width=\"1024\" height=\"1024\" src=\"https:\/\/rolskikomputer.pl\/wp-content\/uploads\/2025\/03\/monter.jpeg\" class=\"attachment-large size-large wp-image-138\" alt=\"\" srcset=\"https:\/\/rolskikomputer.pl\/wp-content\/uploads\/2025\/03\/monter.jpeg 1024w, https:\/\/rolskikomputer.pl\/wp-content\/uploads\/2025\/03\/monter-300x300.jpeg 300w, https:\/\/rolskikomputer.pl\/wp-content\/uploads\/2025\/03\/monter-150x150.jpeg 150w, https:\/\/rolskikomputer.pl\/wp-content\/uploads\/2025\/03\/monter-768x768.jpeg 768w, https:\/\/rolskikomputer.pl\/wp-content\/uploads\/2025\/03\/monter-1000x1000.jpeg 1000w, https:\/\/rolskikomputer.pl\/wp-content\/uploads\/2025\/03\/monter-230x230.jpeg 230w, https:\/\/rolskikomputer.pl\/wp-content\/uploads\/2025\/03\/monter-350x350.jpeg 350w, https:\/\/rolskikomputer.pl\/wp-content\/uploads\/2025\/03\/monter-480x480.jpeg 480w\" sizes=\"(max-width: 1024px) 100vw, 1024px\" \/>\t\t\t\t\t\t\t\t\t\t\t\t\t\t\t<\/div>\n\t\t\t\t<\/div>\n\t\t\t\t<div class=\"elementor-element elementor-element-5daa21f elementor-widget elementor-widget-text-editor\" data-id=\"5daa21f\" data-element_type=\"widget\" data-widget_type=\"text-editor.default\">\n\t\t\t\t<div class=\"elementor-widget-container\">\n\t\t\t\t\t\t\t\t\t<p>Je\u017celi nie chcesz sam biega\u0107 po dachu, to mamy montera z wieloletnim do\u015bwiadczeniem.<\/p>\t\t\t\t\t\t\t\t<\/div>\n\t\t\t\t<\/div>\n\t\t\t\t<\/div>\n\t\t\t\t<div class=\"elementor-element elementor-element-5681c6a elementor-widget elementor-widget-text-editor\" data-id=\"5681c6a\" data-element_type=\"widget\" data-widget_type=\"text-editor.default\">\n\t\t\t\t<div class=\"elementor-widget-container\">\n\t\t\t\t\t\t\t\t\t<p><span style=\"text-align: var(--text-align);\">Ka\u017cdy telewizor dzia\u0142a lepiej z anten\u0105. Najlepiej tak\u0105, kt\u00f3ra jest sprawna. Bez wzgl\u0119du na to, czy chcesz za\u0142o\u017cy\u0107 nowa anten\u0119, czy naprawi\u0107 co\u015b w starej, zapraszamy. Mamy w swojej ofercie anteny&nbsp; do telewizji naziemnej (wewn\u0119rzene i zewn\u0119rzene ) i satelitarnej. Dodatkowo wszelkie akcesoria zwi\u0105zana z instalacjami antenowymi: zasilacze, wzmacniacze, konwertery, kable, ko\u0144c\u00f3wki antenowe itd. Sprzedajemy tunery naziemne i satelitarne sprawdzonych producent\u00f3w. Je\u017celi jakie\u015b twoje urz\u0105dzenie nie pasuje do nowego telewizora, to zaoferujemy ci konwerter, kt\u00f3ry rozwi\u0105\u017ce problem. Je\u017celi chcesz mie\u0107 telewizor, kt\u00f3ry korzysta z internetu, to ekonomicznym rozwi\u0105zaniem b\u0119dzie przystawka Smart TV.<\/span><\/p><p><span style=\"text-align: var(--text-align);\">Nie jeste\u015bmy sklepem wielkogabarytowym, gdzie wcisn\u0105 ci anten\u0119 i powiedz\u0105, \u017ce jest najlepsza.<\/span><\/p>\n<p>My si\u0119 na tym znamy. Nie sprzedajemy czego\u015b, czego nie przetestowali\u015bmy i nie mamy pewno\u015bci \u017ce zadzia\u0142a. Tylko dobre i sprawdzone rozwi\u0105zania. Ty masz spok\u00f3j i my te\u017c.<\/p>\t\t\t\t\t\t\t\t<\/div>\n\t\t\t\t<\/div>\n\t\t\t\t<div class=\"elementor-element elementor-element-ddd26fa elementor-widget elementor-widget-text-editor\" data-id=\"ddd26fa\" data-element_type=\"widget\" data-widget_type=\"text-editor.default\">\n\t\t\t\t<div class=\"elementor-widget-container\">\n\t\t\t\t\t\t\t\t\t<p>Nie jeste\u015bmy sklepem wielkogabarytowym, gdzie wcisn\u0105 ci anten\u0119 i powiedz\u0105, \u017ce jest najlepsza.<\/p><p>My si\u0119 na tym znamy. Nie sprzedajemy czego\u015b, czego nie przetestowali\u015bmy i nie mamy pewno\u015bci \u017ce zadzia\u0142a. Tylko dobre i sprawdzone rozwi\u0105zania. Ty masz spok\u00f3j i my te\u017c.<\/p><p>Je\u017celi po\u0142ama\u0142e\u015b pilota, lub pies go zjad\u0142, to zapraszamy do nas. Dobierzemy inny, kt\u00f3ry mo\u017ce by\u0107 nawet lepszy.<\/p><p>Je\u017celi chcesz oszcz\u0119dzi\u0107 rodzinie ha\u0142asu generowanego przez telewizor, to mamy s\u0142uchawki przewodowe i bezprzewodowe, oraz nadajniki BT, je\u015bli tw\u00f3j telewizor go nie posiada.<\/p><p>Brakuje ci miejsca i chcesz powiesi\u0107 telewizor na \u015bcianie, to mamy dobrej jako\u015bci uchwyty dopasowane do wielko\u015bci telewizora.<\/p><p>Przegrywamy kasety video do systemu cyfrowego, \u017ceby\u015b m\u00f3g\u0142 swoje archiwalne filmy ogl\u0105da\u0107 w komputerze.<\/p>\t\t\t\t\t\t\t\t<\/div>\n\t\t\t\t<\/div>\n\t\t\t\t<div class=\"elementor-element elementor-element-41c8864 elementor-widget elementor-widget-image\" data-id=\"41c8864\" data-element_type=\"widget\" data-widget_type=\"image.default\">\n\t\t\t\t<div class=\"elementor-widget-container\">\n\t\t\t\t\t\t\t\t\t\t\t\t\t\t\t<img decoding=\"async\" width=\"1024\" height=\"1024\" src=\"https:\/\/rolskikomputer.pl\/wp-content\/uploads\/2025\/03\/telewizor.jpeg\" class=\"attachment-large size-large wp-image-139\" alt=\"\" srcset=\"https:\/\/rolskikomputer.pl\/wp-content\/uploads\/2025\/03\/telewizor.jpeg 1024w, https:\/\/rolskikomputer.pl\/wp-content\/uploads\/2025\/03\/telewizor-300x300.jpeg 300w, https:\/\/rolskikomputer.pl\/wp-content\/uploads\/2025\/03\/telewizor-150x150.jpeg 150w, https:\/\/rolskikomputer.pl\/wp-content\/uploads\/2025\/03\/telewizor-768x768.jpeg 768w, https:\/\/rolskikomputer.pl\/wp-content\/uploads\/2025\/03\/telewizor-1000x1000.jpeg 1000w, https:\/\/rolskikomputer.pl\/wp-content\/uploads\/2025\/03\/telewizor-230x230.jpeg 230w, https:\/\/rolskikomputer.pl\/wp-content\/uploads\/2025\/03\/telewizor-350x350.jpeg 350w, https:\/\/rolskikomputer.pl\/wp-content\/uploads\/2025\/03\/telewizor-480x480.jpeg 480w\" sizes=\"(max-width: 1024px) 100vw, 1024px\" \/>\t\t\t\t\t\t\t\t\t\t\t\t\t\t\t<\/div>\n\t\t\t\t<\/div>\n\t\t\t\t\t<\/div>\n\t\t\t\t<\/div>\n\t\t\t\t<\/div>\n\t\t","protected":false},"excerpt":{"rendered":"<p>Telewizja Je\u017celi nie chcesz sam biega\u0107 po dachu, to mamy montera z wieloletnim do\u015bwiadczeniem. Ka\u017cdy telewizor dzia\u0142a lepiej z anten\u0105. Najlepiej tak\u0105, [&hellip;]<\/p>\n","protected":false},"author":1,"featured_media":0,"parent":0,"menu_order":0,"comment_status":"closed","ping_status":"closed","template":"","meta":{"footnotes":""},"class_list":["post-137","page","type-page","status-publish","hentry"],"_links":{"self":[{"href":"https:\/\/rolskikomputer.pl\/index.php?rest_route=\/wp\/v2\/pages\/137","targetHints":{"allow":["GET"]}}],"collection":[{"href":"https:\/\/rolskikomputer.pl\/index.php?rest_route=\/wp\/v2\/pages"}],"about":[{"href":"https:\/\/rolskikomputer.pl\/index.php?rest_route=\/wp\/v2\/types\/page"}],"author":[{"embeddable":true,"href":"https:\/\/rolskikomputer.pl\/index.php?rest_route=\/wp\/v2\/users\/1"}],"replies":[{"embeddable":true,"href":"https:\/\/rolskikomputer.pl\/index.php?rest_route=%2Fwp%2Fv2%2Fcomments&post=137"}],"version-history":[{"count":12,"href":"https:\/\/rolskikomputer.pl\/index.php?rest_route=\/wp\/v2\/pages\/137\/revisions"}],"predecessor-version":[{"id":169,"href":"https:\/\/rolskikomputer.pl\/index.php?rest_route=\/wp\/v2\/pages\/137\/revisions\/169"}],"wp:attachment":[{"href":"https:\/\/rolskikomputer.pl\/index.php?rest_route=%2Fwp%2Fv2%2Fmedia&parent=137"}],"curies":[{"name":"wp","href":"https:\/\/api.w.org\/{rel}","templated":true}]}}